{"id":11,"date":"2017-08-01T12:07:51","date_gmt":"2017-08-01T12:07:51","guid":{"rendered":"http:\/\/sodblasta.lt\/index.php\/about-us\/"},"modified":"2020-11-13T11:50:05","modified_gmt":"2020-11-13T11:50:05","slug":"about-us","status":"publish","type":"page","link":"https:\/\/sodblasta.lt\/index.php\/about-us\/","title":{"rendered":"Apie mus"},"content":{"rendered":"\t\t<div data-elementor-type=\"wp-post\" data-elementor-id=\"11\" class=\"elementor elementor-11\">\n\t\t\t\t\t\t<div class=\"elementor-inner\">\n\t\t\t\t<div class=\"elementor-section-wrap\">\n\t\t\t\t\t\t\t\t\t<section class=\"elementor-section elementor-top-section elementor-element elementor-element-ytngt0t elementor-section-boxed elementor-section-height-default elementor-section-height-default\" data-id=\"ytngt0t\" data-element_type=\"section\" data-settings=\"{&quot;background_background&quot;:&quot;classic&quot;}\">\n\t\t\t\t\t\t\t<div class=\"elementor-background-overlay\"><\/div>\n\t\t\t\t\t\t\t<div class=\"elementor-container elementor-column-gap-default\">\n\t\t\t\t\t\t\t<div class=\"elementor-row\">\n\t\t\t\t\t<div class=\"elementor-column elementor-col-100 elementor-top-column elementor-element elementor-element-jotv04n\" data-id=\"jotv04n\" data-element_type=\"column\">\n\t\t\t<div class=\"elementor-column-wrap elementor-element-populated\">\n\t\t\t\t\t\t\t<div class=\"elementor-widget-wrap\">\n\t\t\t\t\t\t<div class=\"elementor-element elementor-element-vbeopux elementor-widget elementor-widget-heading\" data-id=\"vbeopux\" data-element_type=\"widget\" data-widget_type=\"heading.default\">\n\t\t\t\t<div class=\"elementor-widget-container\">\n\t\t\t<h1 class=\"elementor-heading-title elementor-size-default\">Apie mus<\/h1>\t\t<\/div>\n\t\t\t\t<\/div>\n\t\t\t\t\t\t<\/div>\n\t\t\t\t\t<\/div>\n\t\t<\/div>\n\t\t\t\t\t\t\t\t<\/div>\n\t\t\t\t\t<\/div>\n\t\t<\/section>\n\t\t\t\t<section class=\"elementor-section elementor-top-section elementor-element elementor-element-9o5glwr elementor-section-stretched elementor-section-boxed elementor-section-height-default elementor-section-height-default\" data-id=\"9o5glwr\" data-element_type=\"section\" data-settings=\"{&quot;background_background&quot;:&quot;classic&quot;,&quot;stretch_section&quot;:&quot;section-stretched&quot;}\">\n\t\t\t\t\t\t<div class=\"elementor-container elementor-column-gap-default\">\n\t\t\t\t\t\t\t<div class=\"elementor-row\">\n\t\t\t\t\t<div class=\"elementor-column elementor-col-100 elementor-top-column elementor-element elementor-element-v8uf8tm\" data-id=\"v8uf8tm\" data-element_type=\"column\">\n\t\t\t<div class=\"elementor-column-wrap elementor-element-populated\">\n\t\t\t\t\t\t\t<div class=\"elementor-widget-wrap\">\n\t\t\t\t\t\t<section class=\"elementor-section elementor-inner-section elementor-element elementor-element-koq88ch elementor-section-boxed elementor-section-height-default elementor-section-height-default\" data-id=\"koq88ch\" data-element_type=\"section\">\n\t\t\t\t\t\t<div class=\"elementor-container elementor-column-gap-default\">\n\t\t\t\t\t\t\t<div class=\"elementor-row\">\n\t\t\t\t\t<div class=\"elementor-column elementor-col-100 elementor-inner-column elementor-element elementor-element-04tj9xb\" data-id=\"04tj9xb\" data-element_type=\"column\">\n\t\t\t<div class=\"elementor-column-wrap elementor-element-populated\">\n\t\t\t\t\t\t\t<div class=\"elementor-widget-wrap\">\n\t\t\t\t\t\t<div class=\"elementor-element elementor-element-mjlu0q6 elementor-widget elementor-widget-heading\" data-id=\"mjlu0q6\" data-element_type=\"widget\" data-widget_type=\"heading.default\">\n\t\t\t\t<div class=\"elementor-widget-container\">\n\t\t\t<h2 class=\"elementor-heading-title elementor-size-default\">UAB SODBLASTA<\/h2>\t\t<\/div>\n\t\t\t\t<\/div>\n\t\t\t\t<div class=\"elementor-element elementor-element-61b9967 elementor-widget elementor-widget-text-editor\" data-id=\"61b9967\" data-element_type=\"widget\" data-widget_type=\"text-editor.default\">\n\t\t\t\t<div class=\"elementor-widget-container\">\n\t\t\t\t\t\t\t\t<div class=\"elementor-text-editor elementor-clearfix\">\n\t\t\t\t<p>\u00a0<\/p><p>UAB \u201cSODBLASTA\u201d \u012fmon\u0117s pagrindin\u0117 veikla, kurioje specializuojam\u0117s, yra pavir\u0161iaus valymas. Naudojame pa\u010dias naujausias technologijas, o m\u016bs\u0173 darbuotojai yra sukaup\u0119 did\u017eiul\u0119 patirt\u012f. Stengiam\u0117s ie\u0161koti naujovi\u0173 ir pritaikyti jas savo darbe. Oro srauto reguliavimas ir skirting\u0173 abrazyvini\u0173 med\u017eiag\u0173 naudojimas leid\u017eia lanks\u010diai panaudoti \u0161\u012f valymo b\u016bd\u0105.<\/p>\t\t\t\t\t<\/div>\n\t\t\t\t\t\t<\/div>\n\t\t\t\t<\/div>\n\t\t\t\t\t\t<\/div>\n\t\t\t\t\t<\/div>\n\t\t<\/div>\n\t\t\t\t\t\t\t\t<\/div>\n\t\t\t\t\t<\/div>\n\t\t<\/section>\n\t\t\t\t<section class=\"elementor-section elementor-inner-section elementor-element elementor-element-4s12g0z elementor-section-boxed elementor-section-height-default elementor-section-height-default\" data-id=\"4s12g0z\" data-element_type=\"section\">\n\t\t\t\t\t\t<div class=\"elementor-container elementor-column-gap-default\">\n\t\t\t\t\t\t\t<div class=\"elementor-row\">\n\t\t\t\t\t<div class=\"elementor-column elementor-col-50 elementor-inner-column elementor-element elementor-element-sbn3ynt\" data-id=\"sbn3ynt\" data-element_type=\"column\" data-settings=\"{&quot;background_background&quot;:&quot;gradient&quot;}\">\n\t\t\t<div class=\"elementor-column-wrap elementor-element-populated\">\n\t\t\t\t\t\t\t<div class=\"elementor-widget-wrap\">\n\t\t\t\t\t\t<div class=\"elementor-element elementor-element-e551a03 elementor-widget elementor-widget-image\" data-id=\"e551a03\" data-element_type=\"widget\" data-widget_type=\"image.default\">\n\t\t\t\t<div class=\"elementor-widget-container\">\n\t\t\t\t\t\t\t\t<div class=\"elementor-image\">\n\t\t\t\t\t\t\t\t\t\t\t\t<img loading=\"lazy\" decoding=\"async\" width=\"400\" height=\"300\" src=\"https:\/\/sodblasta.lt\/wp-content\/uploads\/2020\/09\/armex1.jpg\" class=\"attachment-full size-full wp-image-1344\" alt=\"Pavir\u0161i\u0173 sm\u0117liavimas\" srcset=\"https:\/\/sodblasta.lt\/wp-content\/uploads\/2020\/09\/armex1.jpg 400w, https:\/\/sodblasta.lt\/wp-content\/uploads\/2020\/09\/armex1-300x225.jpg 300w\" sizes=\"auto, (max-width: 400px) 100vw, 400px\" \/>\t\t\t\t\t\t\t\t\t\t\t\t\t\t<\/div>\n\t\t\t\t\t\t<\/div>\n\t\t\t\t<\/div>\n\t\t\t\t\t\t<\/div>\n\t\t\t\t\t<\/div>\n\t\t<\/div>\n\t\t\t\t<div class=\"elementor-column elementor-col-50 elementor-inner-column elementor-element elementor-element-aag4obj\" data-id=\"aag4obj\" data-element_type=\"column\">\n\t\t\t<div class=\"elementor-column-wrap elementor-element-populated\">\n\t\t\t\t\t\t\t<div class=\"elementor-widget-wrap\">\n\t\t\t\t\t\t<div class=\"elementor-element elementor-element-b8xppz9 elementor-widget elementor-widget-spacer\" data-id=\"b8xppz9\" data-element_type=\"widget\" data-widget_type=\"spacer.default\">\n\t\t\t\t<div class=\"elementor-widget-container\">\n\t\t\t\t\t<div class=\"elementor-spacer\">\n\t\t\t<div class=\"elementor-spacer-inner\"><\/div>\n\t\t<\/div>\n\t\t\t\t<\/div>\n\t\t\t\t<\/div>\n\t\t\t\t<div class=\"elementor-element elementor-element-9spr4i7 elementor-tabs-view-horizontal elementor-widget elementor-widget-tabs\" data-id=\"9spr4i7\" data-element_type=\"widget\" data-widget_type=\"tabs.default\">\n\t\t\t\t<div class=\"elementor-widget-container\">\n\t\t\t\t\t<div class=\"elementor-tabs\">\n\t\t\t<div class=\"elementor-tabs-wrapper\" role=\"tablist\" >\n\t\t\t\t\t\t\t\t\t<div id=\"elementor-tab-title-2371\" class=\"elementor-tab-title elementor-tab-desktop-title\" aria-selected=\"true\" data-tab=\"1\" role=\"tab\" tabindex=\"0\" aria-controls=\"elementor-tab-content-2371\" aria-expanded=\"false\"><a href=\"\">Tikslai<\/a><\/div>\n\t\t\t\t\t\t\t\t\t<div id=\"elementor-tab-title-2372\" class=\"elementor-tab-title elementor-tab-desktop-title\" aria-selected=\"false\" data-tab=\"2\" role=\"tab\" tabindex=\"-1\" aria-controls=\"elementor-tab-content-2372\" aria-expanded=\"false\"><a href=\"\">Vizija<\/a><\/div>\n\t\t\t\t\t\t\t\t\t<div id=\"elementor-tab-title-2373\" class=\"elementor-tab-title elementor-tab-desktop-title\" aria-selected=\"false\" data-tab=\"3\" role=\"tab\" tabindex=\"-1\" aria-controls=\"elementor-tab-content-2373\" aria-expanded=\"false\"><a href=\"\">Vertyb\u0117s<\/a><\/div>\n\t\t\t\t\t\t\t<\/div>\n\t\t\t<div class=\"elementor-tabs-content-wrapper\" role=\"tablist\" aria-orientation=\"vertical\">\n\t\t\t\t\t\t\t\t\t<div class=\"elementor-tab-title elementor-tab-mobile-title\" aria-selected=\"true\" data-tab=\"1\" role=\"tab\" tabindex=\"0\" aria-controls=\"elementor-tab-content-2371\" aria-expanded=\"false\">Tikslai<\/div>\n\t\t\t\t\t<div id=\"elementor-tab-content-2371\" class=\"elementor-tab-content elementor-clearfix\" data-tab=\"1\" role=\"tabpanel\" aria-labelledby=\"elementor-tab-title-2371\" tabindex=\"0\" hidden=\"false\"><p>* Stengtis ie\u0161koti naujovi\u0173, nauj\u0173 \u012frengim\u0173, technologij\u0173, kurie suma\u017eint\u0173 s\u0105naudas ir padidint\u0173 darbo na\u0161um\u0105.<\/p><p>* Visa tai pritaikyti tam, kad gal\u0117tume visapusi\u0161kai patenkinti j\u016bs\u0173 poreikius bei l\u016bkes\u010dius.<\/p><\/div>\n\t\t\t\t\t\t\t\t\t<div class=\"elementor-tab-title elementor-tab-mobile-title\" aria-selected=\"false\" data-tab=\"2\" role=\"tab\" tabindex=\"-1\" aria-controls=\"elementor-tab-content-2372\" aria-expanded=\"false\">Vizija<\/div>\n\t\t\t\t\t<div id=\"elementor-tab-content-2372\" class=\"elementor-tab-content elementor-clearfix\" data-tab=\"2\" role=\"tabpanel\" aria-labelledby=\"elementor-tab-title-2372\" tabindex=\"0\" hidden=\"hidden\"><p>Siekti auk\u0161\u010diausi\u0173 rezultat\u0173 ir tapti lyderiu Lietuvos paslaug\u0173 rinkoje.<\/p><\/div>\n\t\t\t\t\t\t\t\t\t<div class=\"elementor-tab-title elementor-tab-mobile-title\" aria-selected=\"false\" data-tab=\"3\" role=\"tab\" tabindex=\"-1\" aria-controls=\"elementor-tab-content-2373\" aria-expanded=\"false\">Vertyb\u0117s<\/div>\n\t\t\t\t\t<div id=\"elementor-tab-content-2373\" class=\"elementor-tab-content elementor-clearfix\" data-tab=\"3\" role=\"tabpanel\" aria-labelledby=\"elementor-tab-title-2373\" tabindex=\"0\" hidden=\"hidden\"><p>M\u016bs\u0173 did\u017eiausia vertyb\u0117 yra darbuotojai, sukaup\u0119 did\u017eiul\u0119 patirt\u012f, kurie stengiasi \u012fgyvendinti J\u016bs\u0173 norus.<\/p><\/div>\n\t\t\t\t\t\t\t<\/div>\n\t\t<\/div>\n\t\t\t\t<\/div>\n\t\t\t\t<\/div>\n\t\t\t\t\t\t<\/div>\n\t\t\t\t\t<\/div>\n\t\t<\/div>\n\t\t\t\t\t\t\t\t<\/div>\n\t\t\t\t\t<\/div>\n\t\t<\/section>\n\t\t\t\t\t\t<\/div>\n\t\t\t\t\t<\/div>\n\t\t<\/div>\n\t\t\t\t\t\t\t\t<\/div>\n\t\t\t\t\t<\/div>\n\t\t<\/section>\n\t\t\t\t<section class=\"elementor-section elementor-top-section elementor-element elementor-element-pedibvq elementor-section-content-middle elementor-section-stretched elementor-section-boxed elementor-section-height-default elementor-section-height-default\" data-id=\"pedibvq\" data-element_type=\"section\" data-settings=\"{&quot;background_background&quot;:&quot;classic&quot;,&quot;stretch_section&quot;:&quot;section-stretched&quot;}\">\n\t\t\t\t\t\t\t<div class=\"elementor-background-overlay\"><\/div>\n\t\t\t\t\t\t\t<div class=\"elementor-container elementor-column-gap-default\">\n\t\t\t\t\t\t\t<div class=\"elementor-row\">\n\t\t\t\t\t<div class=\"elementor-column elementor-col-50 elementor-top-column elementor-element elementor-element-gtbpjlp\" data-id=\"gtbpjlp\" data-element_type=\"column\">\n\t\t\t<div class=\"elementor-column-wrap elementor-element-populated\">\n\t\t\t\t\t\t\t<div class=\"elementor-widget-wrap\">\n\t\t\t\t\t\t<div class=\"elementor-element elementor-element-zdqzzsw elementor-widget elementor-widget-heading\" data-id=\"zdqzzsw\" data-element_type=\"widget\" data-widget_type=\"heading.default\">\n\t\t\t\t<div class=\"elementor-widget-container\">\n\t\t\t<h2 class=\"elementor-heading-title elementor-size-default\">Susidom\u0117jote?<\/h2>\t\t<\/div>\n\t\t\t\t<\/div>\n\t\t\t\t<div class=\"elementor-element elementor-element-fccd967 elementor-widget elementor-widget-text-editor\" data-id=\"fccd967\" data-element_type=\"widget\" data-widget_type=\"text-editor.default\">\n\t\t\t\t<div class=\"elementor-widget-container\">\n\t\t\t\t\t\t\t\t<div class=\"elementor-text-editor elementor-clearfix\">\n\t\t\t\t<p>Prireik\u0117 m\u016bs\u0173 pagalbos kruop\u0161\u010diai nuvalyti bet kok\u012f pavir\u0161i\u0173? Visada galime jums pad\u0117ti\u2026<\/p>\t\t\t\t\t<\/div>\n\t\t\t\t\t\t<\/div>\n\t\t\t\t<\/div>\n\t\t\t\t\t\t<\/div>\n\t\t\t\t\t<\/div>\n\t\t<\/div>\n\t\t\t\t<div class=\"elementor-column elementor-col-50 elementor-top-column elementor-element elementor-element-tsnbnqj\" data-id=\"tsnbnqj\" data-element_type=\"column\">\n\t\t\t<div class=\"elementor-column-wrap elementor-element-populated\">\n\t\t\t\t\t\t\t<div class=\"elementor-widget-wrap\">\n\t\t\t\t\t\t<div class=\"elementor-element elementor-element-xxfdplk elementor-align-center elementor-widget elementor-widget-button\" data-id=\"xxfdplk\" data-element_type=\"widget\" data-widget_type=\"button.default\">\n\t\t\t\t<div class=\"elementor-widget-container\">\n\t\t\t\t\t<div class=\"elementor-button-wrapper\">\n\t\t\t<a href=\"https:\/\/sodblasta.lt\/index.php\/contact\/\" class=\"elementor-button-link elementor-button elementor-size-md\" role=\"button\">\n\t\t\t\t\t\t<span class=\"elementor-button-content-wrapper\">\n\t\t\t\t\t\t\t<span class=\"elementor-button-icon elementor-align-icon-right\">\n\t\t\t\t<i aria-hidden=\"true\" class=\"fas fa-chevron-circle-right\"><\/i>\t\t\t<\/span>\n\t\t\t\t\t\t<span class=\"elementor-button-text\">Susisiek su mumis<\/span>\n\t\t<\/span>\n\t\t\t\t\t<\/a>\n\t\t<\/div>\n\t\t\t\t<\/div>\n\t\t\t\t<\/div>\n\t\t\t\t\t\t<\/div>\n\t\t\t\t\t<\/div>\n\t\t<\/div>\n\t\t\t\t\t\t\t\t<\/div>\n\t\t\t\t\t<\/div>\n\t\t<\/section>\n\t\t\t\t<section class=\"elementor-section elementor-top-section elementor-element elementor-element-ko6d36c elementor-section-stretched elementor-section-boxed elementor-section-height-default elementor-section-height-default\" data-id=\"ko6d36c\" data-element_type=\"section\" data-settings=\"{&quot;stretch_section&quot;:&quot;section-stretched&quot;}\">\n\t\t\t\t\t\t<div class=\"elementor-container elementor-column-gap-default\">\n\t\t\t\t\t\t\t<div class=\"elementor-row\">\n\t\t\t\t\t<div class=\"elementor-column elementor-col-100 elementor-top-column elementor-element elementor-element-wmm7tbz\" data-id=\"wmm7tbz\" data-element_type=\"column\">\n\t\t\t<div class=\"elementor-column-wrap elementor-element-populated\">\n\t\t\t\t\t\t\t<div class=\"elementor-widget-wrap\">\n\t\t\t\t\t\t\t\t<\/div>\n\t\t\t\t\t<\/div>\n\t\t<\/div>\n\t\t\t\t\t\t\t\t<\/div>\n\t\t\t\t\t<\/div>\n\t\t<\/section>\n\t\t\t\t\t\t\t\t\t<\/div>\n\t\t\t<\/div>\n\t\t\t\t\t<\/div>\n\t\t","protected":false},"excerpt":{"rendered":"<p>Apie mus UAB SODBLASTA UAB \u201cSODBLASTA\u201d \u012fmon\u0117s pagrindin\u0117 veikla, kurioje specializuojam\u0117s, yra pavir\u0161iaus valymas. Naudojame pa\u010dias naujausias technologijas, o m\u016bs\u0173 darbuotojai yra sukaup\u0119 did\u017eiul\u0119 patirt\u012f. Stengiam\u0117s ie\u0161koti naujovi\u0173 ir pritaikyti jas savo darbe. Oro srauto reguliavimas ir skirting\u0173 abrazyvini\u0173 med\u017eiag\u0173 naudojimas leid\u017eia lanks\u010diai panaudoti \u0161\u012f valymo b\u016bd\u0105. Tikslai Vizija Vertyb\u0117s Tikslai * Stengtis ie\u0161koti naujovi\u0173, [&hellip;]<\/p>\n","protected":false},"author":1,"featured_media":0,"parent":0,"menu_order":0,"comment_status":"closed","ping_status":"closed","template":"","meta":{"site-sidebar-layout":"no-sidebar","site-content-layout":"page-builder","ast-site-content-layout":"","site-content-style":"default","site-sidebar-style":"default","ast-global-header-display":"","ast-banner-title-visibility":"","ast-main-header-display":"","ast-hfb-above-header-display":"","ast-hfb-below-header-display":"","ast-hfb-mobile-header-display":"","site-post-title":"disabled","ast-breadcrumbs-content":"","ast-featured-img":"disabled","footer-sml-layout":"","theme-transparent-header-meta":"default","adv-header-id-meta":"","stick-header-meta":"","header-above-stick-meta":"","header-main-stick-meta":"","header-below-stick-meta":"","astra-migrate-meta-layouts":"default","ast-page-background-enabled":"default","ast-page-background-meta":{"desktop":{"background-color":"","background-image":"","background-repeat":"repeat","background-position":"center center","background-size":"auto","background-attachment":"scroll","background-type":"","background-media":"","overlay-type":"","overlay-color":"","overlay-gradient":""},"tablet":{"background-color":"","background-image":"","background-repeat":"repeat","background-position":"center center","background-size":"auto","background-attachment":"scroll","background-type":"","background-media":"","overlay-type":"","overlay-color":"","overlay-gradient":""},"mobile":{"background-color":"","background-image":"","background-repeat":"repeat","background-position":"center center","background-size":"auto","background-attachment":"scroll","background-type":"","background-media":"","overlay-type":"","overlay-color":"","overlay-gradient":""}},"ast-content-background-meta":{"desktop":{"background-color":"var(--ast-global-color-5)","background-image":"","background-repeat":"repeat","background-position":"center center","background-size":"auto","background-attachment":"scroll","background-type":"","background-media":"","overlay-type":"","overlay-color":"","overlay-gradient":""},"tablet":{"background-color":"var(--ast-global-color-5)","background-image":"","background-repeat":"repeat","background-position":"center center","background-size":"auto","background-attachment":"scroll","background-type":"","background-media":"","overlay-type":"","overlay-color":"","overlay-gradient":""},"mobile":{"background-color":"var(--ast-global-color-5)","background-image":"","background-repeat":"repeat","background-position":"center center","background-size":"auto","background-attachment":"scroll","background-type":"","background-media":"","overlay-type":"","overlay-color":"","overlay-gradient":""}},"footnotes":""},"class_list":["post-11","page","type-page","status-publish","hentry"],"yoast_head":"<!-- This site is optimized with the Yoast SEO plugin v21.7 - https:\/\/yoast.com\/wordpress\/plugins\/seo\/ -->\n<title>Apie mus - Sodblasta.lt<\/title>\n<meta name=\"robots\" content=\"index, follow, max-snippet:-1, max-image-preview:large, max-video-preview:-1\" \/>\n<link rel=\"canonical\" href=\"https:\/\/sodblasta.lt\/index.php\/about-us\/\" \/>\n<meta property=\"og:locale\" content=\"en_US\" \/>\n<meta property=\"og:type\" content=\"article\" \/>\n<meta property=\"og:title\" content=\"Apie mus - Sodblasta.lt\" \/>\n<meta property=\"og:description\" content=\"Apie mus UAB SODBLASTA UAB \u201cSODBLASTA\u201d \u012fmon\u0117s pagrindin\u0117 veikla, kurioje specializuojam\u0117s, yra pavir\u0161iaus valymas. Naudojame pa\u010dias naujausias technologijas, o m\u016bs\u0173 darbuotojai yra sukaup\u0119 did\u017eiul\u0119 patirt\u012f. Stengiam\u0117s ie\u0161koti naujovi\u0173 ir pritaikyti jas savo darbe. Oro srauto reguliavimas ir skirting\u0173 abrazyvini\u0173 med\u017eiag\u0173 naudojimas leid\u017eia lanks\u010diai panaudoti \u0161\u012f valymo b\u016bd\u0105. Tikslai Vizija Vertyb\u0117s Tikslai * Stengtis ie\u0161koti naujovi\u0173, [&hellip;]\" \/>\n<meta property=\"og:url\" content=\"https:\/\/sodblasta.lt\/index.php\/about-us\/\" \/>\n<meta property=\"og:site_name\" content=\"Sodblasta.lt\" \/>\n<meta property=\"article:publisher\" content=\"https:\/\/www.facebook.com\/UABSodblasta\" \/>\n<meta property=\"article:modified_time\" content=\"2020-11-13T11:50:05+00:00\" \/>\n<meta property=\"og:image\" content=\"http:\/\/sodblasta.lt\/wp-content\/uploads\/2020\/09\/armex1.jpg\" \/>\n<meta name=\"twitter:card\" content=\"summary_large_image\" \/>\n<meta name=\"twitter:label1\" content=\"Est. reading time\" \/>\n\t<meta name=\"twitter:data1\" content=\"1 minute\" \/>\n<script type=\"application\/ld+json\" class=\"yoast-schema-graph\">{\"@context\":\"https:\/\/schema.org\",\"@graph\":[{\"@type\":\"WebPage\",\"@id\":\"https:\/\/sodblasta.lt\/index.php\/about-us\/\",\"url\":\"https:\/\/sodblasta.lt\/index.php\/about-us\/\",\"name\":\"Apie mus - Sodblasta.lt\",\"isPartOf\":{\"@id\":\"https:\/\/sodblasta.lt\/#website\"},\"datePublished\":\"2017-08-01T12:07:51+00:00\",\"dateModified\":\"2020-11-13T11:50:05+00:00\",\"breadcrumb\":{\"@id\":\"https:\/\/sodblasta.lt\/index.php\/about-us\/#breadcrumb\"},\"inLanguage\":\"en-US\",\"potentialAction\":[{\"@type\":\"ReadAction\",\"target\":[\"https:\/\/sodblasta.lt\/index.php\/about-us\/\"]}]},{\"@type\":\"BreadcrumbList\",\"@id\":\"https:\/\/sodblasta.lt\/index.php\/about-us\/#breadcrumb\",\"itemListElement\":[{\"@type\":\"ListItem\",\"position\":1,\"name\":\"Home\",\"item\":\"https:\/\/sodblasta.lt\/\"},{\"@type\":\"ListItem\",\"position\":2,\"name\":\"Apie mus\"}]},{\"@type\":\"WebSite\",\"@id\":\"https:\/\/sodblasta.lt\/#website\",\"url\":\"https:\/\/sodblasta.lt\/\",\"name\":\"Sodblasta.lt\",\"description\":\"Pavir\u0161i\u0173 valymo sprendimai\",\"publisher\":{\"@id\":\"https:\/\/sodblasta.lt\/#organization\"},\"potentialAction\":[{\"@type\":\"SearchAction\",\"target\":{\"@type\":\"EntryPoint\",\"urlTemplate\":\"https:\/\/sodblasta.lt\/?s={search_term_string}\"},\"query-input\":\"required name=search_term_string\"}],\"inLanguage\":\"en-US\"},{\"@type\":\"Organization\",\"@id\":\"https:\/\/sodblasta.lt\/#organization\",\"name\":\"Sodblasta.lt\",\"url\":\"https:\/\/sodblasta.lt\/\",\"logo\":{\"@type\":\"ImageObject\",\"inLanguage\":\"en-US\",\"@id\":\"https:\/\/sodblasta.lt\/#\/schema\/logo\/image\/\",\"url\":\"https:\/\/sodblasta.lt\/wp-content\/uploads\/2023\/01\/Sodblasta_logo-1.webp\",\"contentUrl\":\"https:\/\/sodblasta.lt\/wp-content\/uploads\/2023\/01\/Sodblasta_logo-1.webp\",\"width\":676,\"height\":148,\"caption\":\"Sodblasta.lt\"},\"image\":{\"@id\":\"https:\/\/sodblasta.lt\/#\/schema\/logo\/image\/\"},\"sameAs\":[\"https:\/\/www.facebook.com\/UABSodblasta\",\"https:\/\/www.instagram.com\/sodblasta\/?igshid=YmMyMTA2M2Y\"]}]}<\/script>\n<!-- \/ Yoast SEO plugin. -->","yoast_head_json":{"title":"Apie mus - Sodblasta.lt","robots":{"index":"index","follow":"follow","max-snippet":"max-snippet:-1","max-image-preview":"max-image-preview:large","max-video-preview":"max-video-preview:-1"},"canonical":"https:\/\/sodblasta.lt\/index.php\/about-us\/","og_locale":"en_US","og_type":"article","og_title":"Apie mus - Sodblasta.lt","og_description":"Apie mus UAB SODBLASTA UAB \u201cSODBLASTA\u201d \u012fmon\u0117s pagrindin\u0117 veikla, kurioje specializuojam\u0117s, yra pavir\u0161iaus valymas. Naudojame pa\u010dias naujausias technologijas, o m\u016bs\u0173 darbuotojai yra sukaup\u0119 did\u017eiul\u0119 patirt\u012f. Stengiam\u0117s ie\u0161koti naujovi\u0173 ir pritaikyti jas savo darbe. Oro srauto reguliavimas ir skirting\u0173 abrazyvini\u0173 med\u017eiag\u0173 naudojimas leid\u017eia lanks\u010diai panaudoti \u0161\u012f valymo b\u016bd\u0105. Tikslai Vizija Vertyb\u0117s Tikslai * Stengtis ie\u0161koti naujovi\u0173, [&hellip;]","og_url":"https:\/\/sodblasta.lt\/index.php\/about-us\/","og_site_name":"Sodblasta.lt","article_publisher":"https:\/\/www.facebook.com\/UABSodblasta","article_modified_time":"2020-11-13T11:50:05+00:00","og_image":[{"url":"http:\/\/sodblasta.lt\/wp-content\/uploads\/2020\/09\/armex1.jpg"}],"twitter_card":"summary_large_image","twitter_misc":{"Est. reading time":"1 minute"},"schema":{"@context":"https:\/\/schema.org","@graph":[{"@type":"WebPage","@id":"https:\/\/sodblasta.lt\/index.php\/about-us\/","url":"https:\/\/sodblasta.lt\/index.php\/about-us\/","name":"Apie mus - Sodblasta.lt","isPartOf":{"@id":"https:\/\/sodblasta.lt\/#website"},"datePublished":"2017-08-01T12:07:51+00:00","dateModified":"2020-11-13T11:50:05+00:00","breadcrumb":{"@id":"https:\/\/sodblasta.lt\/index.php\/about-us\/#breadcrumb"},"inLanguage":"en-US","potentialAction":[{"@type":"ReadAction","target":["https:\/\/sodblasta.lt\/index.php\/about-us\/"]}]},{"@type":"BreadcrumbList","@id":"https:\/\/sodblasta.lt\/index.php\/about-us\/#breadcrumb","itemListElement":[{"@type":"ListItem","position":1,"name":"Home","item":"https:\/\/sodblasta.lt\/"},{"@type":"ListItem","position":2,"name":"Apie mus"}]},{"@type":"WebSite","@id":"https:\/\/sodblasta.lt\/#website","url":"https:\/\/sodblasta.lt\/","name":"Sodblasta.lt","description":"Pavir\u0161i\u0173 valymo sprendimai","publisher":{"@id":"https:\/\/sodblasta.lt\/#organization"},"potentialAction":[{"@type":"SearchAction","target":{"@type":"EntryPoint","urlTemplate":"https:\/\/sodblasta.lt\/?s={search_term_string}"},"query-input":"required name=search_term_string"}],"inLanguage":"en-US"},{"@type":"Organization","@id":"https:\/\/sodblasta.lt\/#organization","name":"Sodblasta.lt","url":"https:\/\/sodblasta.lt\/","logo":{"@type":"ImageObject","inLanguage":"en-US","@id":"https:\/\/sodblasta.lt\/#\/schema\/logo\/image\/","url":"https:\/\/sodblasta.lt\/wp-content\/uploads\/2023\/01\/Sodblasta_logo-1.webp","contentUrl":"https:\/\/sodblasta.lt\/wp-content\/uploads\/2023\/01\/Sodblasta_logo-1.webp","width":676,"height":148,"caption":"Sodblasta.lt"},"image":{"@id":"https:\/\/sodblasta.lt\/#\/schema\/logo\/image\/"},"sameAs":["https:\/\/www.facebook.com\/UABSodblasta","https:\/\/www.instagram.com\/sodblasta\/?igshid=YmMyMTA2M2Y"]}]}},"_links":{"self":[{"href":"https:\/\/sodblasta.lt\/index.php\/wp-json\/wp\/v2\/pages\/11","targetHints":{"allow":["GET"]}}],"collection":[{"href":"https:\/\/sodblasta.lt\/index.php\/wp-json\/wp\/v2\/pages"}],"about":[{"href":"https:\/\/sodblasta.lt\/index.php\/wp-json\/wp\/v2\/types\/page"}],"author":[{"embeddable":true,"href":"https:\/\/sodblasta.lt\/index.php\/wp-json\/wp\/v2\/users\/1"}],"replies":[{"embeddable":true,"href":"https:\/\/sodblasta.lt\/index.php\/wp-json\/wp\/v2\/comments?post=11"}],"version-history":[{"count":27,"href":"https:\/\/sodblasta.lt\/index.php\/wp-json\/wp\/v2\/pages\/11\/revisions"}],"predecessor-version":[{"id":1423,"href":"https:\/\/sodblasta.lt\/index.php\/wp-json\/wp\/v2\/pages\/11\/revisions\/1423"}],"wp:attachment":[{"href":"https:\/\/sodblasta.lt\/index.php\/wp-json\/wp\/v2\/media?parent=11"}],"curies":[{"name":"wp","href":"https:\/\/api.w.org\/{rel}","templated":true}]}}